{"id":592,"date":"2018-11-13T13:28:34","date_gmt":"2018-11-13T13:28:34","guid":{"rendered":"https:\/\/themes.getmotopress.com\/palmeria\/?page_id=42"},"modified":"2026-01-06T16:55:20","modified_gmt":"2026-01-07T02:55:20","slug":"accueil-anahata","status":"publish","type":"page","link":"https:\/\/pension-anahata.com\/","title":{"rendered":"Pension Anahata"},"content":{"rendered":"","protected":false},"excerpt":{"rendered":"<p>Situ\u00e9e sur l&rsquo;\u00eele de Taha&rsquo;a, \u00e0 l&rsquo;entr\u00e9e de la grande baie de Ha&rsquo;amene, la Pension Anahata surplombe le merveilleux lagon aux multiples tons de bleu.<br \/>\n\u00a0Avec une partie en bord de mer et l&rsquo;autre c\u00f4t\u00e9 montagne, vous pourrez profiter d&rsquo;une plage privative de sable blanc ainsi que d&rsquo;une vue imprenable sur les motus.<br \/>\nOn vous attend pour un s\u00e9jour inoubliable sur notre belle \u00eele, dans notre famille !<\/p>\n","protected":false},"author":1,"featured_media":645,"parent":0,"menu_order":0,"comment_status":"closed","ping_status":"closed","template":"","meta":{"footnotes":""},"class_list":["post-592","page","type-page","status-publish","has-post-thumbnail","hentry"],"jetpack_sharing_enabled":true,"_links":{"self":[{"href":"https:\/\/pension-anahata.com\/index.php?rest_route=\/wp\/v2\/pages\/592","targetHints":{"allow":["GET"]}}],"collection":[{"href":"https:\/\/pension-anahata.com\/index.php?rest_route=\/wp\/v2\/pages"}],"about":[{"href":"https:\/\/pension-anahata.com\/index.php?rest_route=\/wp\/v2\/types\/page"}],"author":[{"embeddable":true,"href":"https:\/\/pension-anahata.com\/index.php?rest_route=\/wp\/v2\/users\/1"}],"replies":[{"embeddable":true,"href":"https:\/\/pension-anahata.com\/index.php?rest_route=%2Fwp%2Fv2%2Fcomments&post=592"}],"version-history":[{"count":3,"href":"https:\/\/pension-anahata.com\/index.php?rest_route=\/wp\/v2\/pages\/592\/revisions"}],"predecessor-version":[{"id":1041,"href":"https:\/\/pension-anahata.com\/index.php?rest_route=\/wp\/v2\/pages\/592\/revisions\/1041"}],"wp:featuredmedia":[{"embeddable":true,"href":"https:\/\/pension-anahata.com\/index.php?rest_route=\/wp\/v2\/media\/645"}],"wp:attachment":[{"href":"https:\/\/pension-anahata.com\/index.php?rest_route=%2Fwp%2Fv2%2Fmedia&parent=592"}],"curies":[{"name":"wp","href":"https:\/\/api.w.org\/{rel}","templated":true}]}}