{"id":583,"date":"2018-11-13T11:12:41","date_gmt":"2018-11-13T11:12:41","guid":{"rendered":"https:\/\/themes.getmotopress.com\/palmeria\/accommodations\/"},"modified":"2026-01-06T13:56:07","modified_gmt":"2026-01-06T23:56:07","slug":"bungalows","status":"publish","type":"page","link":"https:\/\/pension-anahata.com\/?page_id=583","title":{"rendered":"Bungalows"},"content":{"rendered":"\n<p>Nos bungalows ont \u00e9t\u00e9 am\u00e9nag\u00e9s avec soin et d\u00e9cor\u00e9s avec go\u00fbt par vos h\u00f4tes. Bois flott\u00e9, draps tifaifai, mobilier en tek, literie orthop\u00e9dique, le tout pour assurer votre confort le temps d&rsquo;un s\u00e9jour paisible.&nbsp;Ils ont \u00e9t\u00e9 dessin\u00e9s par Heiarii, le mari de Patricia, et construits en bois local.<\/p>\n\n\n\n<div style=\"height:0px\" aria-hidden=\"true\" class=\"wp-block-spacer\"><\/div>\n","protected":false},"excerpt":{"rendered":"<p>Nos bungalows ont \u00e9t\u00e9 am\u00e9nag\u00e9s avec soin et d\u00e9cor\u00e9s avec go\u00fbt par vos h\u00f4tes. Bois flott\u00e9, draps tifaifai, mobilier en tek, literie orthop\u00e9dique, le tout pour assurer votre confort le temps d&rsquo;un s\u00e9jour paisible.&nbsp;Ils ont \u00e9t\u00e9 dessin\u00e9s par Heiarii, le mari de Patricia, et construits en bois local.<\/p>\n","protected":false},"author":1,"featured_media":653,"parent":0,"menu_order":1,"comment_status":"closed","ping_status":"closed","template":"accueil-bungalows","meta":{"footnotes":""},"class_list":["post-583","page","type-page","status-publish","has-post-thumbnail","hentry"],"jetpack_sharing_enabled":true,"_links":{"self":[{"href":"https:\/\/pension-anahata.com\/index.php?rest_route=\/wp\/v2\/pages\/583","targetHints":{"allow":["GET"]}}],"collection":[{"href":"https:\/\/pension-anahata.com\/index.php?rest_route=\/wp\/v2\/pages"}],"about":[{"href":"https:\/\/pension-anahata.com\/index.php?rest_route=\/wp\/v2\/types\/page"}],"author":[{"embeddable":true,"href":"https:\/\/pension-anahata.com\/index.php?rest_route=\/wp\/v2\/users\/1"}],"replies":[{"embeddable":true,"href":"https:\/\/pension-anahata.com\/index.php?rest_route=%2Fwp%2Fv2%2Fcomments&post=583"}],"version-history":[{"count":5,"href":"https:\/\/pension-anahata.com\/index.php?rest_route=\/wp\/v2\/pages\/583\/revisions"}],"predecessor-version":[{"id":669,"href":"https:\/\/pension-anahata.com\/index.php?rest_route=\/wp\/v2\/pages\/583\/revisions\/669"}],"wp:featuredmedia":[{"embeddable":true,"href":"https:\/\/pension-anahata.com\/index.php?rest_route=\/wp\/v2\/media\/653"}],"wp:attachment":[{"href":"https:\/\/pension-anahata.com\/index.php?rest_route=%2Fwp%2Fv2%2Fmedia&parent=583"}],"curies":[{"name":"wp","href":"https:\/\/api.w.org\/{rel}","templated":true}]}}