{"id":55,"date":"2018-11-13T13:51:49","date_gmt":"2018-11-13T13:51:49","guid":{"rendered":"https:\/\/themes.getmotopress.com\/palmeria\/?page_id=55"},"modified":"2025-12-08T13:09:08","modified_gmt":"2025-12-08T23:09:08","slug":"activites","status":"publish","type":"page","link":"https:\/\/pension-anahata.com\/?page_id=55","title":{"rendered":"Activit\u00e9s"},"content":{"rendered":"\n<p>\u00c0 la pension, on met \u00e0 votre disposition des kayaks, paddles, \u00e9quipement de snorkeling et v\u00e9los, pour profiter du lagon, de l&rsquo;\u00eele, des paysage aux alentours. D\u00e9tendez-vous sur notre plage priv\u00e9e ou sur le ponton, duquel vous pourrez aller voir Mamado, notre sculpture de tortue de 4 m\u00e8tres immerg\u00e9e pr\u00e8s du ponton. <\/p>\n\n\n\n<div class=\"wp-block-columns has-2-columns is-layout-flex wp-container-core-columns-is-layout-28f84493 wp-block-columns-is-layout-flex\">\n<div class=\"wp-block-column is-layout-flow wp-block-column-is-layout-flow\">\n<ul class=\"wp-block-list\">\n<li>V\u00e9los<\/li>\n\n\n\n<li>Kayaks<\/li>\n\n\n\n<li>Ponton<\/li>\n<\/ul>\n<\/div>\n\n\n\n<div class=\"wp-block-column is-layout-flow wp-block-column-is-layout-flow\">\n<ul class=\"wp-block-list\">\n<li>Mamado<\/li>\n\n\n\n<li>Snorkeling<\/li>\n\n\n\n<li>Plage<\/li>\n<\/ul>\n\n\n\n<p><\/p>\n<\/div>\n<\/div>\n","protected":false},"excerpt":{"rendered":"<p>\u00c0 la pension, on met \u00e0 votre disposition des kayaks, paddles, \u00e9quipement de snorkeling et v\u00e9los, pour profiter du lagon, de l&rsquo;\u00eele, des paysage aux alentours. D\u00e9tendez-vous sur notre plage priv\u00e9e ou sur le ponton, duquel vous pourrez aller voir Mamado, notre sculpture de tortue de 4 m\u00e8tres immerg\u00e9e pr\u00e8s du ponton.<\/p>\n","protected":false},"author":1,"featured_media":0,"parent":0,"menu_order":2,"comment_status":"closed","ping_status":"closed","template":"p-activit-s","meta":{"footnotes":""},"class_list":["post-55","page","type-page","status-publish","hentry"],"jetpack_sharing_enabled":true,"_links":{"self":[{"href":"https:\/\/pension-anahata.com\/index.php?rest_route=\/wp\/v2\/pages\/55","targetHints":{"allow":["GET"]}}],"collection":[{"href":"https:\/\/pension-anahata.com\/index.php?rest_route=\/wp\/v2\/pages"}],"about":[{"href":"https:\/\/pension-anahata.com\/index.php?rest_route=\/wp\/v2\/types\/page"}],"author":[{"embeddable":true,"href":"https:\/\/pension-anahata.com\/index.php?rest_route=\/wp\/v2\/users\/1"}],"replies":[{"embeddable":true,"href":"https:\/\/pension-anahata.com\/index.php?rest_route=%2Fwp%2Fv2%2Fcomments&post=55"}],"version-history":[{"count":2,"href":"https:\/\/pension-anahata.com\/index.php?rest_route=\/wp\/v2\/pages\/55\/revisions"}],"predecessor-version":[{"id":667,"href":"https:\/\/pension-anahata.com\/index.php?rest_route=\/wp\/v2\/pages\/55\/revisions\/667"}],"wp:attachment":[{"href":"https:\/\/pension-anahata.com\/index.php?rest_route=%2Fwp%2Fv2%2Fmedia&parent=55"}],"curies":[{"name":"wp","href":"https:\/\/api.w.org\/{rel}","templated":true}]}}