{"id":48,"date":"2018-11-13T13:45:18","date_gmt":"2018-11-13T13:45:18","guid":{"rendered":"https:\/\/themes.getmotopress.com\/palmeria\/?page_id=48"},"modified":"2025-12-23T10:14:16","modified_gmt":"2025-12-23T20:14:16","slug":"histoire-anahata","status":"publish","type":"page","link":"https:\/\/pension-anahata.com\/?page_id=48","title":{"rendered":"Notre histoire"},"content":{"rendered":"\n<p>Votre h\u00f4te Patricia, originaire de l&rsquo;\u00eele de Taha&rsquo;a, \u00e9tait Professeure des \u00c9coles de m\u00e9tier. En 2022, elle d\u00e9sire changer de vie et se consacrer au tourisme: accueillir des gens, partager son amour pour son \u00eele natale. ANAHATA est un coup de c\u0153ur. Au premier regard, elle n&rsquo;avait plus de doutes, c&rsquo;est un endroit de r\u00eave et elle en fera le si\u00e8ge de ses r\u00eaves !<\/p>\n\n\n\n<div class=\"wp-block-button has-custom-width wp-block-button__width-25\"><a class=\"wp-block-button__link wp-element-button\" href=\"https:\/\/themes.getmotopress.com\/palmeria\/about-palmeria\/\">More Info<\/a><\/div>\n\n\n\n<p><\/p>\n","protected":false},"excerpt":{"rendered":"<p>Votre h\u00f4te Patricia, originaire de l&rsquo;\u00eele de Taha&rsquo;a, \u00e9tait Professeure des \u00c9coles de m\u00e9tier. En 2022, elle d\u00e9sire changer de vie et se consacrer au tourisme: accueillir des gens, partager son amour pour son \u00eele natale. ANAHATA est un coup de c\u0153ur. Au premier regard, elle n&rsquo;avait plus de doutes, c&rsquo;est un endroit de r\u00eave [&hellip;]<\/p>\n","protected":false},"author":1,"featured_media":660,"parent":0,"menu_order":0,"comment_status":"closed","ping_status":"closed","template":"histoire","meta":{"footnotes":""},"class_list":["post-48","page","type-page","status-publish","has-post-thumbnail","hentry"],"jetpack_sharing_enabled":true,"_links":{"self":[{"href":"https:\/\/pension-anahata.com\/index.php?rest_route=\/wp\/v2\/pages\/48","targetHints":{"allow":["GET"]}}],"collection":[{"href":"https:\/\/pension-anahata.com\/index.php?rest_route=\/wp\/v2\/pages"}],"about":[{"href":"https:\/\/pension-anahata.com\/index.php?rest_route=\/wp\/v2\/types\/page"}],"author":[{"embeddable":true,"href":"https:\/\/pension-anahata.com\/index.php?rest_route=\/wp\/v2\/users\/1"}],"replies":[{"embeddable":true,"href":"https:\/\/pension-anahata.com\/index.php?rest_route=%2Fwp%2Fv2%2Fcomments&post=48"}],"version-history":[{"count":4,"href":"https:\/\/pension-anahata.com\/index.php?rest_route=\/wp\/v2\/pages\/48\/revisions"}],"predecessor-version":[{"id":665,"href":"https:\/\/pension-anahata.com\/index.php?rest_route=\/wp\/v2\/pages\/48\/revisions\/665"}],"wp:featuredmedia":[{"embeddable":true,"href":"https:\/\/pension-anahata.com\/index.php?rest_route=\/wp\/v2\/media\/660"}],"wp:attachment":[{"href":"https:\/\/pension-anahata.com\/index.php?rest_route=%2Fwp%2Fv2%2Fmedia&parent=48"}],"curies":[{"name":"wp","href":"https:\/\/api.w.org\/{rel}","templated":true}]}}